{"id":738,"date":"2025-10-22T13:08:31","date_gmt":"2025-10-22T11:08:31","guid":{"rendered":"https:\/\/experimenta-sevilla.es\/clubatletismo\/?page_id=738"},"modified":"2026-01-10T01:38:01","modified_gmt":"2026-01-10T00:38:01","slug":"competicion","status":"publish","type":"page","link":"https:\/\/experimenta-sevilla.es\/clubatletismo\/competicion\/","title":{"rendered":"Competici\u00f3n"},"content":{"rendered":"\n<p>La competici\u00f3n es una parte importante para el desarrollo de nuestros atletas, como motivaci\u00f3n para la mejora personal, la adquisici\u00f3n de experiencia y sobre todo para pasar un buen rato con los compa\u00f1eros fuera de los entrenamientos.<\/p>\n\n\n\n<div class=\"wp-block-buttons is-content-justification-center\">\n<div class=\"wp-block-button has-custom-width wp-block-button__width-50\"><a class=\"wp-block-button__link\" href=\"https:\/\/docs.google.com\/forms\/d\/e\/1FAIpQLSd_EJi5eR05o2tGxe4UK3vSNdh121QG_QEI4eUepEdIq7bPUQ\/viewform?usp=sf_link\" style=\"border-radius:17px\" target=\"_blank\" rel=\"noreferrer noopener\">Solicitud de inscripci\u00f3n a Competiciones<\/a><\/div>\n<\/div>\n\n\n\n<hr class=\"wp-block-separator\"\/>\n\n\n\n<div class=\"wp-block-buttons is-content-justification-center\">\n<div class=\"wp-block-button has-custom-width wp-block-button__width-50 is-style-fill\"><a class=\"wp-block-button__link has-white-color has-text-color has-background\" href=\"http:\/\/clubatletismohispalis.es\/mejores-marcas\" style=\"border-radius:17px;background-color:#545454\">Mejores Marcas del Club<\/a><\/div>\n\n\n\n<div class=\"wp-block-button has-custom-width wp-block-button__width-50 is-style-fill\"><a class=\"wp-block-button__link has-white-color has-text-color has-background\" href=\"https:\/\/experimenta-sevilla.es\/clubatletismo\/logros\" style=\"border-radius:17px;background-color:#545454\">Logros conseguidos por nuestros atletas<\/a><\/div>\n<\/div>\n\n\n\n<div class=\"wp-block-buttons is-content-justification-center\">\n<div class=\"wp-block-button has-custom-width wp-block-button__width-50\"><a class=\"wp-block-button__link has-white-color has-text-color has-background\" href=\"https:\/\/experimenta-sevilla.es\/clubatletismo\/calendario\" style=\"border-radius:17px;background-color:#545454\" target=\"_blank\" rel=\"noreferrer noopener\">Calendario de eventos y competiciones<\/a><\/div>\n\n\n\n<div class=\"wp-block-button has-custom-width wp-block-button__width-50 is-style-fill\"><a class=\"wp-block-button__link has-white-color has-text-color has-background\" href=\"https:\/\/experimenta-sevilla.es\/clubatletismo\/resultados\" style=\"border-radius:17px;background-color:#545454\">Resultados de las competiciones<\/a><\/div>\n<\/div>\n\n\n\n<hr class=\"wp-block-separator\"\/>\n\n\n\n<blockquote class=\"wp-block-quote\"><p><strong>XVIII Encuentro de atletismo Buen Pastor \u2013 St. Mary\u2019s<\/strong><\/p><cite>Encuentro de atletismo en Pista de un solo d\u00eda.<br><br>Se celebra el Domingo 8 Febrero de 2026 en las Pista de Atletismo del CD San Pablo (Sevilla)<br><br>Pruebas disponibles (Velocidad, Resistencia, Salto de longitud, Salto de altura, Lanzamiento de peso y de pelota)<br>Desde categor\u00eda prebenjam\u00edn, a\u00f1os 2020 y anteriores.<br><br>+info en (<a href=\"https:\/\/experimenta-sevilla.es\/clubatletismo\/2025\/01\/04\/xvi-encuentro-de-atletismo-buen-pastor-st-marys\/\">enlace<\/a>)(<a rel=\"noreferrer noopener\" href=\"https:\/\/docs.google.com\/forms\/d\/e\/1FAIpQLSd_EJi5eR05o2tGxe4UK3vSNdh121QG_QEI4eUepEdIq7bPUQ\/viewform?usp=sf_link\" target=\"_blank\">inscribirse<\/a>)<\/cite><\/blockquote>\n\n\n\n<blockquote class=\"wp-block-quote\"><p><strong><strong><strong>Carreras Escolares <\/strong> del IMD de Sevilla<\/strong><\/strong><\/p><cite>Para esta temporada contaremos con 5 carreras escolares: <br><em><strong>A la espera de fechas para la nueva temporada<\/strong><\/em><br><br>Carrera Triana &#8211; Los Remedios &#8216;Torre Sevilla&#8217;: 15 de marzo de 2026<br>Carrera Cerro &#8211; Amate:\u00a012 de abril de 2026<br>Carrera Parque de M\u00aa Luisa &#8216;Coca-Cola&#8217;: 10 de mayo de 2026<br>Carrera Nervi\u00f3n San Pablo &#8216;El Corte Ingl\u00e9s&#8217;: 4 de octubre de 2026<br>Carrera Casco Antiguo &#8216;CaixaBank&#8217;: 18 de octubre de 2026<br><br>Todas las categor\u00edas<br><br>+info en (<a href=\"https:\/\/experimenta-sevilla.es\/clubatletismo\/2025\/02\/09\/carrerasescolaresimd\/\">enlace<\/a>)(<a rel=\"noreferrer noopener\" href=\"https:\/\/docs.google.com\/forms\/d\/e\/1FAIpQLSd_EJi5eR05o2tGxe4UK3vSNdh121QG_QEI4eUepEdIq7bPUQ\/viewform?usp=sf_link\" target=\"_blank\">inscribirse<\/a>)<\/cite><\/blockquote>\n\n\n\n<blockquote class=\"wp-block-quote\"><p><strong><strong>Atletismo en Pista de la Diputaci\u00f3n de Sevilla<\/strong><\/strong><\/p><cite>Para esta temporada contaremos con 4 jornadas: <br><br>1\u00aa Jornada: 21 de febrero de 2026<br>2\u00aa Jornada: 7 de marzo de 2026<br>3\u00aa Jornada: 21 de marzo de 2026<br>4\u00aa Jornada: 11 de abril de 2026<br>Final: 25 de abril de 2026<br><br>Pruebas disponibles (Velocidad, Resistencia, Salto de longitud, Salto de altura y Lanzamiento de peso)<br>Desde categor\u00eda Benjam\u00edn, a\u00f1os 2009 a 2018<br><br>+info en (<a href=\"https:\/\/experimenta-sevilla.es\/clubatletismo\/2025\/02\/09\/atletismo-en-pista-de-la-diputacion-de-sevilla\/\">enlace<\/a>)(<a rel=\"noreferrer noopener\" href=\"https:\/\/docs.google.com\/forms\/d\/e\/1FAIpQLSd_EJi5eR05o2tGxe4UK3vSNdh121QG_QEI4eUepEdIq7bPUQ\/viewform?usp=sf_link\" target=\"_blank\">inscribirse<\/a>)<\/cite><\/blockquote>\n\n\n\n<blockquote class=\"wp-block-quote\"><p><strong>Juegos Deportivos Municipales<\/strong> del IMD de Sevilla<\/p><cite>Dos jornadas de atletismo en pista, Centro Deportivo San Pablo<br><br>1\u00aa Jornada: S\u00e1bado 14 de marzo de 2026<br>2\u00aa Jornada: S\u00e1bado 9 de mayo de 2026<br>Jornada Final: S\u00e1bado 30 de mayo de 2026<br><br>Pruebas disponibles (Velocidad, Resistencia, Salto de longitud, Salto de altura y Lanzamiento de peso)<br>Desde categor\u00eda Benjam\u00edn, a\u00f1os 2018 y anteriores.<br><br>+info en (<a href=\"https:\/\/experimenta-sevilla.es\/clubatletismo\/2025\/01\/17\/juegos-deportivos-municipales-en-pista-del-imd-de-sevilla-2023\/\">enlace<\/a>)(<a rel=\"noreferrer noopener\" href=\"https:\/\/docs.google.com\/forms\/d\/e\/1FAIpQLSd_EJi5eR05o2tGxe4UK3vSNdh121QG_QEI4eUepEdIq7bPUQ\/viewform?usp=sf_link\" target=\"_blank\">inscribirse<\/a>)<\/cite><\/blockquote>\n\n\n\n<p><\/p>\n\n\n\n<blockquote class=\"wp-block-quote\"><p><strong>XIII Carrera Popular Parque del Tamarguillo<\/strong><\/p><cite>Carreras popular que se realiza en el Parque del Tamarguillo.<br>Se celebra el D\u00eda de Andaluc\u00eda (28 de febrero de 2026)<br>Para todas las categor\u00edas.<br><br>+info en (<a href=\"https:\/\/experimenta-sevilla.es\/clubatletismo\/2025\/01\/17\/xi-carrera-popular-del-parque-del-tamarguillo\/\">enlace<\/a>)(<a rel=\"noreferrer noopener\" href=\"https:\/\/docs.google.com\/forms\/d\/e\/1FAIpQLSd_EJi5eR05o2tGxe4UK3vSNdh121QG_QEI4eUepEdIq7bPUQ\/viewform?usp=sf_link\" target=\"_blank\">inscribirse<\/a>)<\/cite><\/blockquote>\n\n\n\n<blockquote class=\"wp-block-quote\"><p><strong>Circuito provincial de Campo a trav\u00e9s<\/strong> del Diputaci\u00f3n de Sevilla<\/p><cite>Dos jornadas de atletismo en pista en Sevilla <br><br><em><strong>1\u00aa jornada del Circuito<\/strong>: <strong>25\/10\/2025<\/strong> \u00b7 Lebrija<br><strong>2\u00aa jornada del Circuito<\/strong>: <strong>29\/11\/2025<\/strong> \u00b7 El Viso del Alcor<br><strong>3\u00aa jornada del Circuito<\/strong>: <strong>13\/12\/2025<\/strong> \u00b7 Las Cabezas de San Juan<br><strong>4\u00aa jornada del Circuito<\/strong>: <strong>17\/01\/2026<\/strong> \u00b7 Alcal\u00e1 de Guada\u00edra<br><strong>Copa \u201cDiputaci\u00f3n de Sevilla\u201d y entrega de premios<\/strong>: <strong>31\/01\/2026<\/strong> \u00b7 Mairena del Alcor<\/em><br><br>Carreras de campo a trav\u00e9s.<br>Desde categor\u00eda Benjam\u00edn, a\u00f1os 2018 y anteriores.<br><br>+info en (<a href=\"https:\/\/experimenta-sevilla.es\/clubatletismo\/2025\/01\/04\/circuito-provincial-de-campo-a-traves-2024-25\/\">enlace<\/a>)(<a rel=\"noreferrer noopener\" href=\"https:\/\/docs.google.com\/forms\/d\/e\/1FAIpQLSd_EJi5eR05o2tGxe4UK3vSNdh121QG_QEI4eUepEdIq7bPUQ\/viewform?usp=sf_link\" target=\"_blank\">inscribirse<\/a>)<\/cite><\/blockquote>\n\n\n\n<blockquote class=\"wp-block-quote\"><p><strong>Cross Internacional de It\u00e1lica<\/strong> de Diputaci\u00f3n de Sevilla<\/p><cite>Domingo 9 de noviembre de 2015<br>Carreras de campo a trav\u00e9s en el conjunto arquitect\u00f3nico de Santiponce.<br><br>Desde categor\u00eda Benjam\u00edn, a\u00f1os 2017 y anteriores.<br><br>+info en (<a href=\"https:\/\/experimenta-sevilla.es\/clubatletismo\/2025\/10\/22\/cross-internacional-de-italica\/\">enlace<\/a>)(<s>inscribirse<\/s>)<\/cite><\/blockquote>\n\n\n\n<hr class=\"wp-block-separator is-style-default\"\/>\n\n\n\n<hr class=\"wp-block-separator is-style-default\"\/>\n\n\n\n<p><\/p>\n\n\n\n<div class=\"wp-block-buttons is-content-justification-center\">\n<div class=\"wp-block-button has-custom-width wp-block-button__width-50\"><a class=\"wp-block-button__link\" href=\"https:\/\/docs.google.com\/forms\/d\/e\/1FAIpQLSd_EJi5eR05o2tGxe4UK3vSNdh121QG_QEI4eUepEdIq7bPUQ\/viewform?usp=sf_link\" style=\"border-radius:17px\" target=\"_blank\" rel=\"noreferrer noopener\">Solicitud de inscripci\u00f3n a Competiciones<\/a><\/div>\n<\/div>\n","protected":false},"excerpt":{"rendered":"<p>La competici\u00f3n es una parte importante para el desarrollo de nuestros atletas, como motivaci\u00f3n para la mejora personal, la adquisici\u00f3n de experiencia y sobre todo para pasar un buen rato con los compa\u00f1eros fuera de los entrenamientos. XVIII Encuentro de atletismo Buen Pastor \u2013 St. Mary\u2019s Encuentro de atletismo en Pista de un solo d\u00eda. Se celebra el Domingo 8 Febrero de 2026 en las Pista de Atletismo del CD San Pablo (Sevilla) Pruebas disponibles (Velocidad, Resistencia, Salto de longitud, Salto de altura, Lanzamiento de peso y de pelota)Desde categor\u00eda prebenjam\u00edn, a\u00f1os 2020 y anteriores. +info en (enlace)(inscribirse) Carreras Escolares del IMD de Sevilla Para esta temporada contaremos con 5 carreras escolares: A la espera de fechas para la nueva temporada Carrera Triana &#8211; Los Remedios &#8216;Torre Sevilla&#8217;: 15 de marzo de 2026Carrera Cerro &#8211; Amate:\u00a012 de abril de 2026Carrera Parque de M\u00aa Luisa &#8216;Coca-Cola&#8217;: 10 de mayo de 2026Carrera Nervi\u00f3n San Pablo &#8216;El Corte Ingl\u00e9s&#8217;: 4 de octubre de 2026Carrera Casco Antiguo &#8216;CaixaBank&#8217;: 18 de octubre de 2026 Todas las categor\u00edas +info en (enlace)(inscribirse) Atletismo en Pista de la Diputaci\u00f3n de Sevilla Para esta temporada contaremos con 4 jornadas: 1\u00aa Jornada: 21 de febrero de 20262\u00aa Jornada: 7 de marzo de 20263\u00aa Jornada: 21 de marzo de 20264\u00aa Jornada: 11 de abril de 2026Final: 25 de abril de 2026 Pruebas disponibles (Velocidad, Resistencia, Salto de longitud, Salto de altura y Lanzamiento de peso)Desde categor\u00eda Benjam\u00edn, a\u00f1os 2009 a 2018 +info en (enlace)(inscribirse) Juegos Deportivos Municipales del IMD de Sevilla Dos jornadas de atletismo en pista, Centro Deportivo San Pablo 1\u00aa Jornada: S\u00e1bado 14 de marzo de 20262\u00aa Jornada: S\u00e1bado 9 de mayo de 2026Jornada Final: S\u00e1bado 30 de mayo de 2026 Pruebas disponibles (Velocidad, Resistencia, Salto de longitud, Salto de altura y Lanzamiento de peso)Desde categor\u00eda Benjam\u00edn, a\u00f1os 2018 y anteriores. +info en (enlace)(inscribirse) XIII Carrera Popular Parque del Tamarguillo Carreras popular que se realiza en el Parque del Tamarguillo.Se celebra el D\u00eda de Andaluc\u00eda (28 de febrero de 2026)Para todas las categor\u00edas. +info en (enlace)(inscribirse) Circuito provincial de Campo a trav\u00e9s del Diputaci\u00f3n de Sevilla Dos jornadas de atletismo en pista en Sevilla 1\u00aa jornada del Circuito: 25\/10\/2025 \u00b7 Lebrija2\u00aa jornada del Circuito: 29\/11\/2025 \u00b7 El Viso del Alcor3\u00aa jornada del Circuito: 13\/12\/2025 \u00b7 Las Cabezas de San Juan4\u00aa jornada del Circuito: 17\/01\/2026 \u00b7 Alcal\u00e1 de Guada\u00edraCopa \u201cDiputaci\u00f3n de Sevilla\u201d y entrega de premios: 31\/01\/2026 \u00b7 Mairena del Alcor Carreras de campo a trav\u00e9s.Desde categor\u00eda Benjam\u00edn, a\u00f1os 2018 y anteriores. +info en (enlace)(inscribirse) Cross Internacional de It\u00e1lica de Diputaci\u00f3n de Sevilla Domingo 9 de noviembre de 2015Carreras de campo a trav\u00e9s en el conjunto arquitect\u00f3nico de Santiponce. Desde categor\u00eda Benjam\u00edn, a\u00f1os 2017 y anteriores. +info en (enlace)(inscribirse)<\/p>\n","protected":false},"author":1,"featured_media":0,"parent":0,"menu_order":0,"comment_status":"closed","ping_status":"closed","template":"","meta":[],"_links":{"self":[{"href":"https:\/\/experimenta-sevilla.es\/clubatletismo\/wp-json\/wp\/v2\/pages\/738"}],"collection":[{"href":"https:\/\/experimenta-sevilla.es\/clubatletismo\/wp-json\/wp\/v2\/pages"}],"about":[{"href":"https:\/\/experimenta-sevilla.es\/clubatletismo\/wp-json\/wp\/v2\/types\/page"}],"author":[{"embeddable":true,"href":"https:\/\/experimenta-sevilla.es\/clubatletismo\/wp-json\/wp\/v2\/users\/1"}],"replies":[{"embeddable":true,"href":"https:\/\/experimenta-sevilla.es\/clubatletismo\/wp-json\/wp\/v2\/comments?post=738"}],"version-history":[{"count":30,"href":"https:\/\/experimenta-sevilla.es\/clubatletismo\/wp-json\/wp\/v2\/pages\/738\/revisions"}],"predecessor-version":[{"id":1959,"href":"https:\/\/experimenta-sevilla.es\/clubatletismo\/wp-json\/wp\/v2\/pages\/738\/revisions\/1959"}],"wp:attachment":[{"href":"https:\/\/experimenta-sevilla.es\/clubatletismo\/wp-json\/wp\/v2\/media?parent=738"}],"curies":[{"name":"wp","href":"https:\/\/api.w.org\/{rel}","templated":true}]}}