{"id":40,"date":"2020-04-12T13:04:48","date_gmt":"2020-04-12T11:04:48","guid":{"rendered":"http:\/\/experimenta-sevilla.es\/clubatletismo\/?page_id=40"},"modified":"2020-04-13T01:27:10","modified_gmt":"2020-04-12T23:27:10","slug":"club","status":"publish","type":"page","link":"https:\/\/experimenta-sevilla.es\/clubatletismo\/club\/","title":{"rendered":"Club de Atletismo H\u00edspalis &#8211; Sevilla Este"},"content":{"rendered":"\n<p>El Club Atletismo H\u00edspalis es una iniciativa deportiva que <strong><em>nace en 2016<\/em><\/strong> como un peque\u00f1o grupo de corredores formado por ni\u00f1os y ni\u00f1as de Sevilla Este.<br><br>Empezamos a entrenar de forma habitual en el <strong><em>Parque Infanta Elena<\/em><\/strong> y durante la temporada 2015\/16 ya comenzamos a participar en las carreras escolares del IMD de Sevilla.<br><br>Durante la temporada 2016\/17 nos surge la necesidad de contar con unas instalaciones m\u00ednimas para poder desarrollar nuestra actividad. Ubic\u00e1ndonos inicialmente en el <strong><em>CEIP H\u00edspalis<\/em><\/strong>, gracias al apoyo e inter\u00e9s mostrado por su AMPA, \u201cLas Palmeras\u201d.<\/p>\n\n\n\n<p>En las siguientes temporadas nuestro objetivo fue el de consolidar nuestra actividad en el barrio, presentando esta actividad deportiva a otros centro educativos de la zona.&nbsp;<\/p>\n\n\n\n<div class=\"wp-block-image is-style-default\"><figure class=\"aligncenter size-large is-resized\"><img loading=\"lazy\" src=\"https:\/\/experimenta-sevilla.es\/clubatletismo\/wp-content\/uploads\/2020\/04\/club_01-1024x502.png\" alt=\"\" class=\"wp-image-68\" width=\"532\" height=\"261\" srcset=\"https:\/\/experimenta-sevilla.es\/clubatletismo\/wp-content\/uploads\/2020\/04\/club_01-1024x502.png 1024w, https:\/\/experimenta-sevilla.es\/clubatletismo\/wp-content\/uploads\/2020\/04\/club_01-300x147.png 300w, https:\/\/experimenta-sevilla.es\/clubatletismo\/wp-content\/uploads\/2020\/04\/club_01-768x376.png 768w, https:\/\/experimenta-sevilla.es\/clubatletismo\/wp-content\/uploads\/2020\/04\/club_01-1536x753.png 1536w, https:\/\/experimenta-sevilla.es\/clubatletismo\/wp-content\/uploads\/2020\/04\/club_01-2048x1003.png 2048w, https:\/\/experimenta-sevilla.es\/clubatletismo\/wp-content\/uploads\/2020\/04\/club_01-1140x559.png 1140w\" sizes=\"(max-width: 532px) 100vw, 532px\" \/><\/figure><\/div>\n\n\n\n<p>En la temporada 2018\/2019 sigue creciendo nuestras necesidades como Club hacia nuestros atletas y da comienzo una colaboraci\u00f3n con el San Roque Balompie, permiti\u00e9ndonos utilizar sus instalaciones para los grupos de entrenamiento por disciplinas. De esta forma nace el grupo de <em>lanzadores, velocistas y mediofondistas<\/em> que contin\u00faan en activo hasta la fecha de hoy.&nbsp;<\/p>\n\n\n\n<p>Otro de nuestros objetivos es la promoci\u00f3n del deporte. Para ello, en la Temporada 2018\/19 arranca la iniciativa para promover las competiciones deportivas relacionadas con el atletismo disponibles en Sevilla, en este caso, las carreras escolares organizadas por el IMD de Sevilla. Permitiendo facilitar la inscripci\u00f3n a los alumnos de los diferentes centros educativos de la zona a dichas carreras.&nbsp;<\/p>\n\n\n\n<p>En esta temporada 2020 ya contamos con <strong><em>siete localizaciones en Sevilla Este<\/em><\/strong> donde impartimos nuestra actividad de atletismo.&nbsp;<\/p>\n\n\n\n<ul><li>CEIP H\u00edspalis.<\/li><li>CEIP Isbilya.<\/li><li>CEIP \u00c1ngel Ganivet.<\/li><li>CEIP Maestro Jos\u00e9 Fuentes.<\/li><li>Colegio Antonio Machado.<\/li><li>CEIP El Manantial.<\/li><li>CD Demetrio Pichel.<\/li><\/ul>\n\n\n\n<p>El poder incorporar estos centros nos ha permitido entre otras cosas:<\/p>\n\n\n\n<ul><li>Hacer del Atletismo un deporte cercano para los ni\u00f1os\/as de Sevilla Este.<\/li><li>Disponer de grupos por disciplina, de esta forma podemos realizar entrenamientos m\u00e1s espec\u00edficos, y nuestros atletas poder realizarlo junto a compa\u00f1eros de su mismo nivel.<\/li><li>Permite hacer nuevos amigos y estrechar lazos entre los diferentes centros de la zona.<\/li><li>M\u00e1s d\u00edas de entrenamiento, sin repercutir en el coste de la actividad.<\/li><\/ul>\n\n\n\n<p>Las competiciones son una parte importante del desarrollo de cualquier deporte. Siempre con el objetivo de una mejora personal con el apoyo de los compa\u00f1eros de equipo, de forma progresiva, controlada y que repercuta positivamente en el atleta.<\/p>\n\n\n\n<div class=\"wp-block-image\"><figure class=\"aligncenter size-large is-resized\"><img loading=\"lazy\" src=\"https:\/\/experimenta-sevilla.es\/clubatletismo\/wp-content\/uploads\/2020\/04\/club_02-1024x381.png\" alt=\"\" class=\"wp-image-70\" width=\"556\" height=\"206\" srcset=\"https:\/\/experimenta-sevilla.es\/clubatletismo\/wp-content\/uploads\/2020\/04\/club_02-1024x381.png 1024w, https:\/\/experimenta-sevilla.es\/clubatletismo\/wp-content\/uploads\/2020\/04\/club_02-300x112.png 300w, https:\/\/experimenta-sevilla.es\/clubatletismo\/wp-content\/uploads\/2020\/04\/club_02-768x286.png 768w, https:\/\/experimenta-sevilla.es\/clubatletismo\/wp-content\/uploads\/2020\/04\/club_02-1536x572.png 1536w, https:\/\/experimenta-sevilla.es\/clubatletismo\/wp-content\/uploads\/2020\/04\/club_02-2048x763.png 2048w, https:\/\/experimenta-sevilla.es\/clubatletismo\/wp-content\/uploads\/2020\/04\/club_02-1140x425.png 1140w\" sizes=\"(max-width: 556px) 100vw, 556px\" \/><\/figure><\/div>\n\n\n\n<p>En nuestro caso, Sevilla ofrece una gran variedad de eventos deportivos que cubren todos los tipos de disciplinas del atletismo. En cada temporada hemos ido incorporando nuevos retos para nuestros atletas, siendo muy importante que la asistencia es voluntaria y siempre de forma gratuita. Actualmente participamos en las siguientes competiciones.<\/p>\n\n\n\n<p>A continuaci\u00f3n se indican las distintas competiciones en las que nuestros atletas (alumnos\/as) podr\u00e1n participar, siempre de forma voluntaria y gratuita.<\/p>\n\n\n\n<ul><li><strong>Competiciones en pista<\/strong><ul><li>Juegos Deportivos Municipales del IMD de Sevilla.<\/li><li>Atletismo en pista de la Diputaci\u00f3n de Sevilla.<\/li><li>Controles federativos.<\/li><li>Campeonatos provinciales.<\/li><li>Campeonatos de Andaluc\u00eda.<\/li><\/ul><\/li><\/ul>\n\n\n\n<ul><li><strong>Carreras<\/strong><ul><li>Carreras escolares del IMD de Sevilla.<\/li><li>Circuito de Campo a trav\u00e9s de la Diputaci\u00f3n de Sevilla.<\/li><li>Carreras populares, en Sevilla capital y municipios cercanos.<\/li><li>San Silvestre (Evento organizado por el Club en Navidad).<\/li><\/ul><\/li><\/ul>\n\n\n\n<p>Y seguimos para adelante con este deporte que nos encanta, participando, compitiendo pero sobre todo divirti\u00e9ndonos !!<\/p>\n\n\n\n<p><\/p>\n","protected":false},"excerpt":{"rendered":"<p>El Club Atletismo H\u00edspalis es una iniciativa deportiva que nace en 2016 como un peque\u00f1o grupo de corredores formado por ni\u00f1os y ni\u00f1as de Sevilla Este. Empezamos a entrenar de forma habitual en el Parque Infanta Elena y durante la temporada 2015\/16 ya comenzamos a participar en las carreras escolares del IMD de Sevilla. Durante la temporada 2016\/17 nos surge la necesidad de contar con unas instalaciones m\u00ednimas para poder desarrollar nuestra actividad. Ubic\u00e1ndonos inicialmente en el CEIP H\u00edspalis, gracias al apoyo e inter\u00e9s mostrado por su AMPA, \u201cLas Palmeras\u201d. En las siguientes temporadas nuestro objetivo fue el de consolidar nuestra actividad en el barrio, presentando esta actividad deportiva a otros centro educativos de la zona.&nbsp; En la temporada 2018\/2019 sigue creciendo nuestras necesidades como Club hacia nuestros atletas y da comienzo una colaboraci\u00f3n con el San Roque Balompie, permiti\u00e9ndonos utilizar sus instalaciones para los grupos de entrenamiento por disciplinas. De esta forma nace el grupo de lanzadores, velocistas y mediofondistas que contin\u00faan en activo hasta la fecha de hoy.&nbsp; Otro de nuestros objetivos es la promoci\u00f3n del deporte. Para ello, en la Temporada 2018\/19 arranca la iniciativa para promover las competiciones deportivas relacionadas con el atletismo disponibles en Sevilla, en este caso, las carreras escolares organizadas por el IMD de Sevilla. Permitiendo facilitar la inscripci\u00f3n a los alumnos de los diferentes centros educativos de la zona a dichas carreras.&nbsp; En esta temporada 2020 ya contamos con siete localizaciones en Sevilla Este donde impartimos nuestra actividad de atletismo.&nbsp; CEIP H\u00edspalis. CEIP Isbilya. CEIP \u00c1ngel Ganivet. CEIP Maestro Jos\u00e9 Fuentes. Colegio Antonio Machado. CEIP El Manantial. CD Demetrio Pichel. El poder incorporar estos centros nos ha permitido entre otras cosas: Hacer del Atletismo un deporte cercano para los ni\u00f1os\/as de Sevilla Este. Disponer de grupos por disciplina, de esta forma podemos realizar entrenamientos m\u00e1s espec\u00edficos, y nuestros atletas poder realizarlo junto a compa\u00f1eros de su mismo nivel. Permite hacer nuevos amigos y estrechar lazos entre los diferentes centros de la zona. M\u00e1s d\u00edas de entrenamiento, sin repercutir en el coste de la actividad. Las competiciones son una parte importante del desarrollo de cualquier deporte. Siempre con el objetivo de una mejora personal con el apoyo de los compa\u00f1eros de equipo, de forma progresiva, controlada y que repercuta positivamente en el atleta. En nuestro caso, Sevilla ofrece una gran variedad de eventos deportivos que cubren todos los tipos de disciplinas del atletismo. En cada temporada hemos ido incorporando nuevos retos para nuestros atletas, siendo muy importante que la asistencia es voluntaria y siempre de forma gratuita. Actualmente participamos en las siguientes competiciones. A continuaci\u00f3n se indican las distintas competiciones en las que nuestros atletas (alumnos\/as) podr\u00e1n participar, siempre de forma voluntaria y gratuita. Competiciones en pista Juegos Deportivos Municipales del IMD de Sevilla. Atletismo en pista de la Diputaci\u00f3n de Sevilla. Controles federativos. Campeonatos provinciales. Campeonatos de Andaluc\u00eda. Carreras Carreras escolares del IMD de Sevilla. Circuito de Campo a trav\u00e9s de la Diputaci\u00f3n de Sevilla. Carreras populares, en Sevilla capital y municipios cercanos. San Silvestre (Evento organizado por el Club en Navidad). Y seguimos para adelante con este deporte que nos encanta, participando, compitiendo pero sobre todo divirti\u00e9ndonos !!<\/p>\n","protected":false},"author":1,"featured_media":0,"parent":0,"menu_order":0,"comment_status":"closed","ping_status":"closed","template":"","meta":[],"_links":{"self":[{"href":"https:\/\/experimenta-sevilla.es\/clubatletismo\/wp-json\/wp\/v2\/pages\/40"}],"collection":[{"href":"https:\/\/experimenta-sevilla.es\/clubatletismo\/wp-json\/wp\/v2\/pages"}],"about":[{"href":"https:\/\/experimenta-sevilla.es\/clubatletismo\/wp-json\/wp\/v2\/types\/page"}],"author":[{"embeddable":true,"href":"https:\/\/experimenta-sevilla.es\/clubatletismo\/wp-json\/wp\/v2\/users\/1"}],"replies":[{"embeddable":true,"href":"https:\/\/experimenta-sevilla.es\/clubatletismo\/wp-json\/wp\/v2\/comments?post=40"}],"version-history":[{"count":11,"href":"https:\/\/experimenta-sevilla.es\/clubatletismo\/wp-json\/wp\/v2\/pages\/40\/revisions"}],"predecessor-version":[{"id":115,"href":"https:\/\/experimenta-sevilla.es\/clubatletismo\/wp-json\/wp\/v2\/pages\/40\/revisions\/115"}],"wp:attachment":[{"href":"https:\/\/experimenta-sevilla.es\/clubatletismo\/wp-json\/wp\/v2\/media?parent=40"}],"curies":[{"name":"wp","href":"https:\/\/api.w.org\/{rel}","templated":true}]}}