{"id":2,"date":"2025-10-22T13:09:14","date_gmt":"2025-10-22T11:09:14","guid":{"rendered":"http:\/\/experimenta-sevilla.es\/clubatletismo\/?page_id=2"},"modified":"2025-12-09T21:50:00","modified_gmt":"2025-12-09T20:50:00","slug":"escuela","status":"publish","type":"page","link":"https:\/\/experimenta-sevilla.es\/clubatletismo\/escuela\/","title":{"rendered":"Escuela de Atletismo 2025\/26"},"content":{"rendered":"\n<p>Para este curso continuamos con nuestras Escuelas de Atletismo en Sevilla Este, tanto en las instalaciones del CD Demetrio Pichel como en varios de los centros educativos de nuestro barrio.<\/p>\n\n\n\n<p>Si estas interesado en entrenar con nosotros, pod\u00e9is inscribiros ya.<\/p>\n\n\n\n<div class=\"wp-block-buttons is-content-justification-center\">\n<div class=\"wp-block-button is-style-fill\"><a class=\"wp-block-button__link\" href=\"https:\/\/docs.google.com\/forms\/d\/e\/1FAIpQLSdSCxxgVVRPRfPgFmlS2ohogfmaPZ5kwGkzx0M4V3aDhiTklw\/viewform?usp=sf_link\" style=\"border-radius:17px\" target=\"_blank\" rel=\"noreferrer noopener\">INSCRIPCIONES  25\/26<\/a><\/div>\n<\/div>\n\n\n\n<p class=\"has-text-align-center\"><em>(tambi\u00e9n para solicitar venir a probar o m\u00e1s informaci\u00f3n)<\/em><\/p>\n\n\n\n<div style=\"height:44px\" aria-hidden=\"true\" class=\"wp-block-spacer\"><\/div>\n\n\n\n<p>Para los nuevos atletas os recomendamos que veng\u00e1is a un entrenamiento de prueba, sin coste alguno. Pod\u00e9is solicitar m\u00e1s informaci\u00f3n o venir a probar uno de nuestros entrenamientos en el mismo enlace anterior.<\/p>\n\n\n\n<h3>Centros de entrenamiento<\/h3>\n\n\n\n<figure class=\"wp-block-table aligncenter is-style-stripes\"><table><thead><tr><th><\/th><th><\/th><th><\/th><\/tr><\/thead><tbody><tr><td><strong>Centro<\/strong><\/td><td><strong>Localizaci\u00f3n<\/strong><\/td><td><\/td><\/tr><tr><td>CD Demetrio Pichel<\/td><td>Av. de Altamira, 29A, 41020 Sevilla<\/td><td><a rel=\"noreferrer noopener\" href=\"https:\/\/goo.gl\/maps\/F7GmZACZwu6rFaUZA\" target=\"_blank\">(google maps)<\/a><\/td><\/tr><tr><td>CEIP H\u00edspalis<\/td><td>C\/ Alhami, 10, 41020<\/td><td><a rel=\"noreferrer noopener\" href=\"https:\/\/goo.gl\/maps\/RpXAYUJhXjCEanTt5\" target=\"_blank\">(google maps)<\/a><\/td><\/tr><tr><td>CEIP Isbilya<\/td><td>C\/ Gema, 8, 41020<\/td><td><a rel=\"noreferrer noopener\" href=\"https:\/\/goo.gl\/maps\/PGLJipD7TrufwShE8\" target=\"_blank\">(google maps)<\/a><\/td><\/tr><tr><td>CEIP Maestro Jos\u00e9 Fuentes<\/td><td>C\/ Flor de Albahaca, 4, 41020<\/td><td><a rel=\"noreferrer noopener\" href=\"https:\/\/goo.gl\/maps\/xCFJpRdubeggVdSf6\" target=\"_blank\">(google maps)<\/a><\/td><\/tr><\/tbody><\/table><\/figure>\n\n\n\n<div style=\"height:38px\" aria-hidden=\"true\" class=\"wp-block-spacer\"><\/div>\n\n\n\n<h3>Grupos de entrenamiento<\/h3>\n\n\n\n<figure class=\"wp-block-table is-style-stripes\"><table><thead><tr><th class=\"has-text-align-center\" data-align=\"center\">Grupo<\/th><th class=\"has-text-align-center\" data-align=\"center\">D\u00edas<\/th><th>Horario<\/th><th class=\"has-text-align-center\" data-align=\"center\">Centro de entrenamiento<\/th><\/tr><\/thead><tbody><tr><td class=\"has-text-align-center\" data-align=\"center\">Grupo 00<\/td><td class=\"has-text-align-center\" data-align=\"center\">de Lunes a Jueves<\/td><td>18:00 a 19:00<\/td><td class=\"has-text-align-center\" data-align=\"center\">CD Demetrio Pichel (tecnificaci\u00f3n) (*)<\/td><\/tr><tr><td class=\"has-text-align-center\" data-align=\"center\"><\/td><td class=\"has-text-align-center\" data-align=\"center\"><\/td><td><\/td><td class=\"has-text-align-center\" data-align=\"center\"><\/td><\/tr><tr><td class=\"has-text-align-center\" data-align=\"center\">Grupo 02<\/td><td class=\"has-text-align-center\" data-align=\"center\">Lunes y mi\u00e9rcoles<\/td><td>17:00 a 18:00<\/td><td class=\"has-text-align-center\" data-align=\"center\">CD Demetrio Pichel<\/td><\/tr><tr><td class=\"has-text-align-center\" data-align=\"center\">Grupo 03<\/td><td class=\"has-text-align-center\" data-align=\"center\">Lunes y mi\u00e9rcoles<\/td><td>18:00 a 19:00<\/td><td class=\"has-text-align-center\" data-align=\"center\">CD Demetrio Pichel (**)<\/td><\/tr><tr><td class=\"has-text-align-center\" data-align=\"center\"><\/td><td class=\"has-text-align-center\" data-align=\"center\"><\/td><td><\/td><td class=\"has-text-align-center\" data-align=\"center\"><\/td><\/tr><tr><td class=\"has-text-align-center\" data-align=\"center\">Grupo 05<\/td><td class=\"has-text-align-center\" data-align=\"center\">Martes y jueves<\/td><td>17:00 a 18:00<\/td><td class=\"has-text-align-center\" data-align=\"center\">CD Demetrio Pichel<\/td><\/tr><tr><td class=\"has-text-align-center\" data-align=\"center\">Grupo 06<\/td><td class=\"has-text-align-center\" data-align=\"center\">Martes y jueves<\/td><td>18:00 a 19:00<\/td><td class=\"has-text-align-center\" data-align=\"center\">CD Demetrio Pichel (**)<\/td><\/tr><tr><td class=\"has-text-align-center\" data-align=\"center\"><\/td><td class=\"has-text-align-center\" data-align=\"center\"><\/td><td><\/td><td class=\"has-text-align-center\" data-align=\"center\"><\/td><\/tr><tr><td class=\"has-text-align-center\" data-align=\"center\">Grupo 07<\/td><td class=\"has-text-align-center\" data-align=\"center\">Martes y jueves<\/td><td>17:00 a 18:00<\/td><td class=\"has-text-align-center\" data-align=\"center\">CEIP H\u00edspalis<\/td><\/tr><tr><td class=\"has-text-align-center\" data-align=\"center\">Grupo 09<\/td><td class=\"has-text-align-center\" data-align=\"center\">Martes<\/td><td>16:00 a 17:30<\/td><td class=\"has-text-align-center\" data-align=\"center\">CEIP Isbilya<\/td><\/tr><tr><td class=\"has-text-align-center\" data-align=\"center\">Grupo 10<\/td><td class=\"has-text-align-center\" data-align=\"center\">Mi\u00e9rcoles<\/td><td>16:00 a 17:30<\/td><td class=\"has-text-align-center\" data-align=\"center\">CEIP Maestro Jos\u00e9 Fuentes<\/td><\/tr><tr><td class=\"has-text-align-center\" data-align=\"center\"><\/td><td class=\"has-text-align-center\" data-align=\"center\"><\/td><td><\/td><td class=\"has-text-align-center\" data-align=\"center\"><\/td><\/tr><\/tbody><\/table><figcaption>Los grupos de entrenamiento son para atletas a partir de 3 a\u00f1os.<br>(*) Los grupos de tecnificaci\u00f3n son a partir de 10 a\u00f1os <br>(**) El grupo 3 y 6 es para atletas a partir de 8 a\u00f1os<\/figcaption><\/figure>\n\n\n\n<p><\/p>\n\n\n\n<div style=\"height:33px\" aria-hidden=\"true\" class=\"wp-block-spacer\"><\/div>\n\n\n\n<h3>Temporada<\/h3>\n\n\n\n<p>En el mes de <strong>septiembre <\/strong>realizamos la <strong>pretemporada <\/strong>para los atletas que contin\u00faan de la temporada anterior y sirve tambi\u00e9n como prueba para los nuevos atletas. Contacta con nosotros para saber mas.<\/p>\n\n\n\n<p>La <strong>temporada<\/strong> <strong>oficial <\/strong>comprende desde <strong>octubre de 2025 hasta junio de 2026<\/strong>, ambos incluidos. <\/p>\n\n\n\n<p>En los centros educativos se realiza la actividad de octubre a mayo al igual que el resto de actividades extraescolares. en estos casos tanto el mes de septiembre como el de junio se llevar\u00e1 a cabo en nuestras instalaciones deportivas dentro del C.D Demetrio Pichel.<\/p>\n\n\n\n<p>El coste de la actividad desarrollada directamente por nosotros es de 27\u20ac\/mes y con una matricula \u00fanica de 10\u20ac\/anuales. Cons\u00faltanos para saber mas sobre los descuentos en los centros educativos, para hermanos y en pagos trimestrales.<\/p>\n\n\n\n<div style=\"height:42px\" aria-hidden=\"true\" class=\"wp-block-spacer\"><\/div>\n\n\n\n<h3>Escuela<\/h3>\n\n\n\n<p class=\"has-text-align-left\">En nuestra <strong>Escuela de Atletismo<\/strong> te esperamos con muchas actividades, participaci\u00f3n en eventos deportivos y competiciones, juegos y mucho atletismo base. Probar\u00e1s todas las disciplinas de este deporte (carreras, saltos y lanzamientos).<\/p>\n\n\n\n<p>Los <strong>grupos de tecnificaci\u00f3n<\/strong> est\u00e1n orientados para atletas a partir de la categor\u00eda Infantil-SUB14 (2\u00ba a\u00f1o, 6\u00ba Primaria), con el objetivo de ofrecer entrenamiento mas espec\u00edficos y continuar avanzando en la carrera deportiva de nuestros atletas. Cons\u00faltanos para mas informaci\u00f3n.<\/p>\n\n\n\n<p>Como novedad para esta temporada incluimos nuevos servicios ofrecidos por el club, pod\u00e9is consultarnos para mas informaci\u00f3n.<\/p>\n\n\n\n<ul><li><strong>Deporte y salud<\/strong>, orientado para los j\u00f3venes y adultos que buscan una mejora en el estado de forma general.<\/li><li><strong>Tecnificaci\u00f3n de otras modalidades deportivas<\/strong>, para atletas de otros deportes que quieran trabajar de forma especifica su t\u00e9cnica de carrera, coordinaci\u00f3n y fuerza.<\/li><\/ul>\n\n\n\n<p>Queremos que nuestros atletas lo tengan f\u00e1cil a la hora de realizar nuestro deporte. Se pueden recuperar d\u00edas de entrenamiento  o aumentar los d\u00edas de entrenamiento a la semana si os apetece, viniendo a otro de nuestros grupos sin coste adicional (cons\u00faltanos para mas informaci\u00f3n).<\/p>\n\n\n\n<p>Si ya lo tienes claro, es hora de darte de alta con atleta en el club, a continuaci\u00f3n tienes el enlace para rellenar la inscripci\u00f3n.<\/p>\n\n\n\n<div class=\"wp-block-buttons is-content-justification-center\">\n<div class=\"wp-block-button is-style-fill\"><a class=\"wp-block-button__link\" href=\"http:\/\/clubatletismohispalis.es\/alta\/\" style=\"border-radius:17px\">Formulario de Alta en el Club<\/a><\/div>\n<\/div>\n\n\n\n<p class=\"has-text-align-center\"><em>(Este formulario es para los recopilar los datos y consentimientos del atleta para el desarrollo de la actividad una vez esta de comienzo)<\/em><\/p>\n\n\n\n<div style=\"height:35px\" aria-hidden=\"true\" class=\"wp-block-spacer\"><\/div>\n\n\n\n<h3>Actividades, eventos y competiciones<\/h3>\n\n\n\n<p>Durante la temporada iremos ofreciendo la oportunidad de participar, de forma voluntaria y gratuita, en eventos y competiciones de atletismo. Siempre con la idea de no saturar el tiempo de ocio de las familias, normalmente siendo solo una competici\u00f3n o evento al mes.<\/p>\n\n\n\n<p>Si te apetece participar en alguna de ellas puedes solicitarlo a trav\u00e9s del siguiente formulario donde encontraras las actividades que actualmente est\u00e1n disponibles (en fecha).<\/p>\n\n\n\n<div class=\"wp-block-buttons is-content-justification-center\">\n<div class=\"wp-block-button has-custom-width wp-block-button__width-50\"><a class=\"wp-block-button__link\" href=\"https:\/\/docs.google.com\/forms\/d\/e\/1FAIpQLSd_EJi5eR05o2tGxe4UK3vSNdh121QG_QEI4eUepEdIq7bPUQ\/viewform?usp=sf_link\" style=\"border-radius:17px\" target=\"_blank\" rel=\"noreferrer noopener\">Solicitud de inscripci\u00f3n a Competiciones<\/a><\/div>\n<\/div>\n\n\n\n<p>Y aqu\u00ed estamos para lo que necesit\u00e9is o se os ocurra!!, pod\u00e9is poneros en contacto con nosotros a trav\u00e9s de nuestras redes sociales y m\u00e9todos de contacto.<\/p>\n\n\n\n<p class=\"has-text-align-center\"><a href=\"https:\/\/experimenta-sevilla.es\/clubatletismo\/datos-de-contacto\/\">Ir a m\u00e9todos de contacto<\/a><\/p>\n","protected":false},"excerpt":{"rendered":"<p>Para este curso continuamos con nuestras Escuelas de Atletismo en Sevilla Este, tanto en las instalaciones del CD Demetrio Pichel como en varios de los centros educativos de nuestro barrio. Si estas interesado en entrenar con nosotros, pod\u00e9is inscribiros ya. (tambi\u00e9n para solicitar venir a probar o m\u00e1s informaci\u00f3n) Para los nuevos atletas os recomendamos que veng\u00e1is a un entrenamiento de prueba, sin coste alguno. Pod\u00e9is solicitar m\u00e1s informaci\u00f3n o venir a probar uno de nuestros entrenamientos en el mismo enlace anterior. Centros de entrenamiento Centro Localizaci\u00f3n CD Demetrio Pichel Av. de Altamira, 29A, 41020 Sevilla (google maps) CEIP H\u00edspalis C\/ Alhami, 10, 41020 (google maps) CEIP Isbilya C\/ Gema, 8, 41020 (google maps) CEIP Maestro Jos\u00e9 Fuentes C\/ Flor de Albahaca, 4, 41020 (google maps) Grupos de entrenamiento Grupo D\u00edas Horario Centro de entrenamiento Grupo 00 de Lunes a Jueves 18:00 a 19:00 CD Demetrio Pichel (tecnificaci\u00f3n) (*) Grupo 02 Lunes y mi\u00e9rcoles 17:00 a 18:00 CD Demetrio Pichel Grupo 03 Lunes y mi\u00e9rcoles 18:00 a 19:00 CD Demetrio Pichel (**) Grupo 05 Martes y jueves 17:00 a 18:00 CD Demetrio Pichel Grupo 06 Martes y jueves 18:00 a 19:00 CD Demetrio Pichel (**) Grupo 07 Martes y jueves 17:00 a 18:00 CEIP H\u00edspalis Grupo 09 Martes 16:00 a 17:30 CEIP Isbilya Grupo 10 Mi\u00e9rcoles 16:00 a 17:30 CEIP Maestro Jos\u00e9 Fuentes Los grupos de entrenamiento son para atletas a partir de 3 a\u00f1os.(*) Los grupos de tecnificaci\u00f3n son a partir de 10 a\u00f1os (**) El grupo 3 y 6 es para atletas a partir de 8 a\u00f1os Temporada En el mes de septiembre realizamos la pretemporada para los atletas que contin\u00faan de la temporada anterior y sirve tambi\u00e9n como prueba para los nuevos atletas. Contacta con nosotros para saber mas. La temporada oficial comprende desde octubre de 2025 hasta junio de 2026, ambos incluidos. En los centros educativos se realiza la actividad de octubre a mayo al igual que el resto de actividades extraescolares. en estos casos tanto el mes de septiembre como el de junio se llevar\u00e1 a cabo en nuestras instalaciones deportivas dentro del C.D Demetrio Pichel. El coste de la actividad desarrollada directamente por nosotros es de 27\u20ac\/mes y con una matricula \u00fanica de 10\u20ac\/anuales. Cons\u00faltanos para saber mas sobre los descuentos en los centros educativos, para hermanos y en pagos trimestrales. Escuela En nuestra Escuela de Atletismo te esperamos con muchas actividades, participaci\u00f3n en eventos deportivos y competiciones, juegos y mucho atletismo base. Probar\u00e1s todas las disciplinas de este deporte (carreras, saltos y lanzamientos). Los grupos de tecnificaci\u00f3n est\u00e1n orientados para atletas a partir de la categor\u00eda Infantil-SUB14 (2\u00ba a\u00f1o, 6\u00ba Primaria), con el objetivo de ofrecer entrenamiento mas espec\u00edficos y continuar avanzando en la carrera deportiva de nuestros atletas. Cons\u00faltanos para mas informaci\u00f3n. Como novedad para esta temporada incluimos nuevos servicios ofrecidos por el club, pod\u00e9is consultarnos para mas informaci\u00f3n. Deporte y salud, orientado para los j\u00f3venes y adultos que buscan una mejora en el estado de forma general. Tecnificaci\u00f3n de otras modalidades deportivas, para atletas de otros deportes que quieran trabajar de forma especifica su t\u00e9cnica de carrera, coordinaci\u00f3n y fuerza. Queremos que nuestros atletas lo tengan f\u00e1cil a la hora de realizar nuestro deporte. Se pueden recuperar d\u00edas de entrenamiento o aumentar los d\u00edas de entrenamiento a la semana si os apetece, viniendo a otro de nuestros grupos sin coste adicional (cons\u00faltanos para mas informaci\u00f3n). Si ya lo tienes claro, es hora de darte de alta con atleta en el club, a continuaci\u00f3n tienes el enlace para rellenar la inscripci\u00f3n. (Este formulario es para los recopilar los datos y consentimientos del atleta para el desarrollo de la actividad una vez esta de comienzo) Actividades, eventos y competiciones Durante la temporada iremos ofreciendo la oportunidad de participar, de forma voluntaria y gratuita, en eventos y competiciones de atletismo. Siempre con la idea de no saturar el tiempo de ocio de las familias, normalmente siendo solo una competici\u00f3n o evento al mes. Si te apetece participar en alguna de ellas puedes solicitarlo a trav\u00e9s del siguiente formulario donde encontraras las actividades que actualmente est\u00e1n disponibles (en fecha). Y aqu\u00ed estamos para lo que necesit\u00e9is o se os ocurra!!, pod\u00e9is poneros en contacto con nosotros a trav\u00e9s de nuestras redes sociales y m\u00e9todos de contacto. Ir a m\u00e9todos de contacto<\/p>\n","protected":false},"author":1,"featured_media":0,"parent":0,"menu_order":0,"comment_status":"closed","ping_status":"open","template":"","meta":[],"_links":{"self":[{"href":"https:\/\/experimenta-sevilla.es\/clubatletismo\/wp-json\/wp\/v2\/pages\/2"}],"collection":[{"href":"https:\/\/experimenta-sevilla.es\/clubatletismo\/wp-json\/wp\/v2\/pages"}],"about":[{"href":"https:\/\/experimenta-sevilla.es\/clubatletismo\/wp-json\/wp\/v2\/types\/page"}],"author":[{"embeddable":true,"href":"https:\/\/experimenta-sevilla.es\/clubatletismo\/wp-json\/wp\/v2\/users\/1"}],"replies":[{"embeddable":true,"href":"https:\/\/experimenta-sevilla.es\/clubatletismo\/wp-json\/wp\/v2\/comments?post=2"}],"version-history":[{"count":52,"href":"https:\/\/experimenta-sevilla.es\/clubatletismo\/wp-json\/wp\/v2\/pages\/2\/revisions"}],"predecessor-version":[{"id":1940,"href":"https:\/\/experimenta-sevilla.es\/clubatletismo\/wp-json\/wp\/v2\/pages\/2\/revisions\/1940"}],"wp:attachment":[{"href":"https:\/\/experimenta-sevilla.es\/clubatletismo\/wp-json\/wp\/v2\/media?parent=2"}],"curies":[{"name":"wp","href":"https:\/\/api.w.org\/{rel}","templated":true}]}}