{"id":180,"date":"2020-04-15T03:56:01","date_gmt":"2020-04-15T01:56:01","guid":{"rendered":"http:\/\/experimenta-sevilla.es\/clubatletismo\/?page_id=180"},"modified":"2024-09-05T14:45:45","modified_gmt":"2024-09-05T12:45:45","slug":"mejores-marcas","status":"publish","type":"page","link":"https:\/\/experimenta-sevilla.es\/clubatletismo\/mejores-marcas\/","title":{"rendered":"Mejores Marcas"},"content":{"rendered":"\n<p>Nuestros atletas, como siempre, se lo han currado !! Crees que puedes superarlo? Seguro que si, animo y a entrenar!!<\/p>\n\n\n\n<p>Las marcas que se han tenido en cuenta son de participaciones de nuestros atletas en competiciones oficiales en pista.<\/p>\n\n\n\n<h4 class=\"has-text-align-center\">Pruebas de Velocidad<\/h4>\n\n\n\n<figure class=\"wp-block-table aligncenter is-style-stripes\"><table class=\"has-fixed-layout\"><thead><tr><th class=\"has-text-align-center\" data-align=\"center\">Prueba<\/th><th class=\"has-text-align-center\" data-align=\"center\">Categor\u00eda<\/th><th class=\"has-text-align-center\" data-align=\"center\"><\/th><th>Nombre<\/th><th>Marca<\/th><th>Fecha<\/th><th>Competici\u00f3n<\/th><\/tr><\/thead><tbody><tr><td class=\"has-text-align-center\" data-align=\"center\">60 ml<\/td><td class=\"has-text-align-center\" data-align=\"center\">Benjam\u00edn<\/td><td class=\"has-text-align-center\" data-align=\"center\">Femenino<\/td><td>Carolina Mart\u00edn<\/td><td>9.95<\/td><td>24\/10\/2020<\/td><td>JJDDMM (Final)<\/td><\/tr><tr><td class=\"has-text-align-center\" data-align=\"center\">60 ml<\/td><td class=\"has-text-align-center\" data-align=\"center\">Benjam\u00edn<\/td><td class=\"has-text-align-center\" data-align=\"center\">Masculino<\/td><td>Lucas Bocanegra<\/td><td>10.29<\/td><td>17\/03\/2018<\/td><td>JJDDMM (final)<\/td><\/tr><tr><td class=\"has-text-align-center\" data-align=\"center\">60 ml<\/td><td class=\"has-text-align-center\" data-align=\"center\">Alev\u00edn<\/td><td class=\"has-text-align-center\" data-align=\"center\">Femenino<\/td><td>Sara Alonso<\/td><td>9.74<\/td><td>24\/10\/2020<\/td><td>JJDDMM (final)<\/td><\/tr><tr><td class=\"has-text-align-center\" data-align=\"center\">60 ml<\/td><td class=\"has-text-align-center\" data-align=\"center\">Alev\u00edn<\/td><td class=\"has-text-align-center\" data-align=\"center\">Masculino<\/td><td>Guillermo del Toro Rojo<\/td><td>9.35<\/td><td>24\/10\/2020<\/td><td>JJDDMM (Final)<\/td><\/tr><tr><td class=\"has-text-align-center\" data-align=\"center\">80 ml<\/td><td class=\"has-text-align-center\" data-align=\"center\">Infantil<\/td><td class=\"has-text-align-center\" data-align=\"center\">Femenino<\/td><td>Sara Alonso<\/td><td>11.69<\/td><td>22\/05\/2021<\/td><td>JJDDMM (Final)<\/td><\/tr><tr><td class=\"has-text-align-center\" data-align=\"center\">80 ml<\/td><td class=\"has-text-align-center\" data-align=\"center\">Infantil<\/td><td class=\"has-text-align-center\" data-align=\"center\">Masculino<\/td><td>Antonio Fuentes<\/td><td>11.71<\/td><td>24\/04\/2021<\/td><td>JJDDMM (2\u00aa Jornada)<\/td><\/tr><tr><td class=\"has-text-align-center\" data-align=\"center\">150 ml<\/td><td class=\"has-text-align-center\" data-align=\"center\">Infantil<\/td><td class=\"has-text-align-center\" data-align=\"center\">Femenino<\/td><td>Paula Sierra<\/td><td>23.61<\/td><td>24\/04\/2021<\/td><td>JJDDMM (2\u00aa Jornada)<\/td><\/tr><tr><td class=\"has-text-align-center\" data-align=\"center\">150 ml<\/td><td class=\"has-text-align-center\" data-align=\"center\">Infantil<\/td><td class=\"has-text-align-center\" data-align=\"center\">Masculino<\/td><td>Antonio Fuentes<\/td><td>21.04<\/td><td>22\/05\/2021<\/td><td>JJDDMM (Final)<\/td><\/tr><\/tbody><\/table><\/figure>\n\n\n\n<hr class=\"wp-block-separator\"\/>\n\n\n\n<h4 class=\"has-text-align-center\">Pruebas de Medio fondo<\/h4>\n\n\n\n<figure class=\"wp-block-table aligncenter is-style-stripes\"><table class=\"has-fixed-layout\"><thead><tr><th class=\"has-text-align-center\" data-align=\"center\">Prueba<\/th><th class=\"has-text-align-center\" data-align=\"center\">Categor\u00eda<\/th><th class=\"has-text-align-center\" data-align=\"center\"><\/th><th>Nombre<\/th><th>Marca<\/th><th>Fecha<\/th><th>Competici\u00f3n<\/th><\/tr><\/thead><tbody><tr><td class=\"has-text-align-center\" data-align=\"center\">300 ml<\/td><td class=\"has-text-align-center\" data-align=\"center\">Benjam\u00edn<\/td><td class=\"has-text-align-center\" data-align=\"center\">Femenino<\/td><td>Carolina Mart\u00edn<\/td><td>54.02<\/td><td>24\/10\/2020<\/td><td>JJDDMM (Final)<\/td><\/tr><tr><td class=\"has-text-align-center\" data-align=\"center\">300 ml<\/td><td class=\"has-text-align-center\" data-align=\"center\">Benjam\u00edn<\/td><td class=\"has-text-align-center\" data-align=\"center\">Masculino<\/td><td>Lucas Bocanegra<\/td><td>56.33<\/td><td>03\/02\/2018<\/td><td>JJDDMM (1\u00aa Jornada)<\/td><\/tr><tr><td class=\"has-text-align-center\" data-align=\"center\">500 ml<\/td><td class=\"has-text-align-center\" data-align=\"center\">Alev\u00edn<\/td><td class=\"has-text-align-center\" data-align=\"center\">Femenino<\/td><td>Carla Casta\u00f1o<\/td><td>1&#8217;40.08<\/td><td>16\/03\/2019<\/td><td>JJDDMM (1\u00aa Jornada)<\/td><\/tr><tr><td class=\"has-text-align-center\" data-align=\"center\">500 ml<\/td><td class=\"has-text-align-center\" data-align=\"center\">Alev\u00edn<\/td><td class=\"has-text-align-center\" data-align=\"center\">Masculino<\/td><td>Pablo Serrano<\/td><td>1&#8217;38.69<\/td><td>10\/04\/2021<\/td><td>JJDDMM (1\u00aa Jornada)<\/td><\/tr><tr><td class=\"has-text-align-center\" data-align=\"center\">500 ml<\/td><td class=\"has-text-align-center\" data-align=\"center\">Infantil<\/td><td class=\"has-text-align-center\" data-align=\"center\">Femenino<\/td><td>Marta Garc\u00eda<\/td><td>1&#8217;55.18<\/td><td>16\/03\/2018<\/td><td>JJDDMM (1\u00aa Jornada)<\/td><\/tr><tr><td class=\"has-text-align-center\" data-align=\"center\">500 ml<\/td><td class=\"has-text-align-center\" data-align=\"center\">Infantil<\/td><td class=\"has-text-align-center\" data-align=\"center\">Masculino<\/td><td>Guillermo del Toro<\/td><td>1&#8217;32.43<\/td><td>10\/04\/2021<\/td><td>JJDDMM (1\u00aa Jornada)<\/td><\/tr><tr><td class=\"has-text-align-center\" data-align=\"center\">1000 ml<\/td><td class=\"has-text-align-center\" data-align=\"center\">Infantil<\/td><td class=\"has-text-align-center\" data-align=\"center\">Femenino<\/td><td>Sara Alonso<\/td><td>3&#8217;29.56<\/td><td>10\/04\/2021<\/td><td>JJDDMM (1\u00aa Jornada)<\/td><\/tr><tr><td class=\"has-text-align-center\" data-align=\"center\">1000 ml<\/td><td class=\"has-text-align-center\" data-align=\"center\">Infantil<\/td><td class=\"has-text-align-center\" data-align=\"center\">Masculino<\/td><td>Jaime Garc\u00eda<\/td><td>3&#8217;37.92<\/td><td>10\/04\/2021<\/td><td>JJDDMM (1\u00aa Jornada)<\/td><\/tr><\/tbody><\/table><\/figure>\n\n\n\n<hr class=\"wp-block-separator\"\/>\n\n\n\n<h4 class=\"has-text-align-center\">Pruebas de Saltos<\/h4>\n\n\n\n<figure class=\"wp-block-table aligncenter is-style-stripes\"><table class=\"has-fixed-layout\"><thead><tr><th class=\"has-text-align-center\" data-align=\"center\">Prueba<\/th><th class=\"has-text-align-center\" data-align=\"center\">Categor\u00eda<\/th><th class=\"has-text-align-center\" data-align=\"center\"><\/th><th>Nombre<\/th><th>Marca<\/th><th>Fecha<\/th><th>Competici\u00f3n<\/th><\/tr><\/thead><tbody><tr><td class=\"has-text-align-center\" data-align=\"center\">Longitud<\/td><td class=\"has-text-align-center\" data-align=\"center\">Benjam\u00edn<\/td><td class=\"has-text-align-center\" data-align=\"center\">Femenino<\/td><td>Amaya Jaradat<\/td><td>2.03<\/td><td>03\/02\/2018<\/td><td>JJDDMM (1\u00aa Jornada)<\/td><\/tr><tr><td class=\"has-text-align-center\" data-align=\"center\">Longitud<\/td><td class=\"has-text-align-center\" data-align=\"center\">Benjam\u00edn<\/td><td class=\"has-text-align-center\" data-align=\"center\">Masculino<\/td><td>Adrian Pons<\/td><td>2.49<\/td><td>03\/02\/2018<\/td><td>JJDDMM (1\u00aa Jornada)<\/td><\/tr><tr><td class=\"has-text-align-center\" data-align=\"center\">Longitud<\/td><td class=\"has-text-align-center\" data-align=\"center\">Alev\u00edn<\/td><td class=\"has-text-align-center\" data-align=\"center\">Femenino<\/td><td>Sandra Sanz<\/td><td>3.20<\/td><td>30\/03\/2019<\/td><td>JJDDMM (2\u00aa Jornada)<\/td><\/tr><tr><td class=\"has-text-align-center\" data-align=\"center\">Longitud<\/td><td class=\"has-text-align-center\" data-align=\"center\">Alev\u00edn<\/td><td class=\"has-text-align-center\" data-align=\"center\">Masculino<\/td><td>Daniel Ram\u00edrez<\/td><td>3.41<\/td><td>03\/10\/2020<\/td><td>JJDDMM (2\u00aa Jornada)<\/td><\/tr><tr><td class=\"has-text-align-center\" data-align=\"center\">Longitud<\/td><td class=\"has-text-align-center\" data-align=\"center\">Infantil<\/td><td class=\"has-text-align-center\" data-align=\"center\">Femenino<\/td><td>Sandra Sanz<\/td><td>3.00<\/td><td>08\/02\/2020<\/td><td>JJDDMM (1\u00aa Jornada)<\/td><\/tr><tr><td class=\"has-text-align-center\" data-align=\"center\">Longitud<\/td><td class=\"has-text-align-center\" data-align=\"center\">Infantil<\/td><td class=\"has-text-align-center\" data-align=\"center\">Masculino<\/td><td>Mart\u00edn Jim\u00e9nez<\/td><td>3.74<\/td><td>10\/04\/2021<\/td><td>JJDDMM (1\u00aa Jornada)<\/td><\/tr><\/tbody><\/table><\/figure>\n\n\n\n<hr class=\"wp-block-separator\"\/>\n\n\n\n<h4 class=\"has-text-align-center\">Pruebas de Lanzamientos<\/h4>\n\n\n\n<figure class=\"wp-block-table aligncenter is-style-stripes\"><table class=\"has-fixed-layout\"><thead><tr><th class=\"has-text-align-center\" data-align=\"center\">Prueba<\/th><th class=\"has-text-align-center\" data-align=\"center\">Categor\u00eda<\/th><th class=\"has-text-align-center\" data-align=\"center\"><\/th><th>Nombre<\/th><th>Marca<\/th><th>Fecha<\/th><th>Competici\u00f3n<\/th><\/tr><\/thead><tbody><tr><td class=\"has-text-align-center\" data-align=\"center\">Peso<\/td><td class=\"has-text-align-center\" data-align=\"center\">Benjam\u00edn<\/td><td class=\"has-text-align-center\" data-align=\"center\">Masculino<\/td><td>Rub\u00e9n Delgado<\/td><td>3.38<\/td><td>04\/05\/2019<\/td><td>I Reuni\u00f3n Atl\u00e9tica \u00abCaura\u00bb<\/td><\/tr><tr><td class=\"has-text-align-center\" data-align=\"center\">Peso<\/td><td class=\"has-text-align-center\" data-align=\"center\">Alev\u00edn<\/td><td class=\"has-text-align-center\" data-align=\"center\">Femenino<\/td><td>J\u00falia Amado<\/td><td>8.53<\/td><td>01\/06\/2019<\/td><td>Campeonato de Andaluc\u00eda<\/td><\/tr><tr><td class=\"has-text-align-center\" data-align=\"center\">Peso<\/td><td class=\"has-text-align-center\" data-align=\"center\">Alev\u00edn<\/td><td class=\"has-text-align-center\" data-align=\"center\">Masculino<\/td><td>Fabio Salvia<\/td><td>9.23<\/td><td>18\/05\/2019<\/td><td>Atletismo Diputaci\u00f3n (final)<\/td><\/tr><tr><td class=\"has-text-align-center\" data-align=\"center\">Peso<\/td><td class=\"has-text-align-center\" data-align=\"center\">Infantil<\/td><td class=\"has-text-align-center\" data-align=\"center\">Femenino<\/td><td>J\u00falia Amado<\/td><td>9.00<\/td><td>22\/05\/2021<\/td><td>JJDDMM (Final)<\/td><\/tr><tr><td class=\"has-text-align-center\" data-align=\"center\">Peso<\/td><td class=\"has-text-align-center\" data-align=\"center\">Infantil<\/td><td class=\"has-text-align-center\" data-align=\"center\">Masculino<\/td><td>Rufino Gonz\u00e1lez<\/td><td>6.34<\/td><td>16\/3\/2019<\/td><td>JJDDMM (1\u00aa Jornada)<\/td><\/tr><tr><td class=\"has-text-align-center\" data-align=\"center\">Peso<\/td><td class=\"has-text-align-center\" data-align=\"center\">Cadete<\/td><td class=\"has-text-align-center\" data-align=\"center\">Masculino<\/td><td>Gonzalo Delgado<\/td><td>10.55<\/td><td>18\/05\/2019<\/td><td>Atletismo Diputaci\u00f3n (final)<\/td><\/tr><tr><td class=\"has-text-align-center\" data-align=\"center\">Disco<\/td><td class=\"has-text-align-center\" data-align=\"center\">Alev\u00edn<\/td><td class=\"has-text-align-center\" data-align=\"center\">Femenino<\/td><td>J\u00falia Amado<\/td><td>19.36<\/td><td>01\/06\/2019<\/td><td>Campeonato de Andaluc\u00eda (AL)<\/td><\/tr><tr><td class=\"has-text-align-center\" data-align=\"center\">Disco<\/td><td class=\"has-text-align-center\" data-align=\"center\">Infantil<\/td><td class=\"has-text-align-center\" data-align=\"center\">Femenino<\/td><td>J\u00falia Amado<\/td><td>24.52<\/td><td>08\/05\/2021<\/td><td>Campeonato de Andaluc\u00eda (AL)<\/td><\/tr><tr><td class=\"has-text-align-center\" data-align=\"center\">Jabalina<\/td><td class=\"has-text-align-center\" data-align=\"center\">Cadete<\/td><td class=\"has-text-align-center\" data-align=\"center\">Masculino<\/td><td>Gonzalo Delgado<\/td><td>25.61<\/td><td>04\/05\/2019<\/td><td>I Reuni\u00f3n Atl\u00e9tica \u00abCaura\u00bb<\/td><\/tr><\/tbody><\/table><\/figure>\n\n\n\n<h4 class=\"has-text-align-center\">Pruebas Combinadas<\/h4>\n\n\n\n<figure class=\"wp-block-table aligncenter is-style-stripes\"><table class=\"has-fixed-layout\"><thead><tr><th class=\"has-text-align-center\" data-align=\"center\">Prueba<\/th><th class=\"has-text-align-center\" data-align=\"center\">Categor\u00eda<\/th><th class=\"has-text-align-center\" data-align=\"center\"><\/th><th>Nombre<\/th><th class=\"has-text-align-center\" data-align=\"center\">Puntos<\/th><th>Fecha<\/th><th>Competici\u00f3n<\/th><\/tr><\/thead><tbody><tr><td class=\"has-text-align-center\" data-align=\"center\">Triatl\u00f3n D<\/td><td class=\"has-text-align-center\" data-align=\"center\">Alev\u00edn<\/td><td class=\"has-text-align-center\" data-align=\"center\">Femenino<\/td><td>Julia Amado<\/td><td class=\"has-text-align-center\" data-align=\"center\">974<\/td><td>01\/06\/2019<\/td><td>Campeonato de Andaluc\u00eda (AL)<\/td><\/tr><tr><td class=\"has-text-align-center\" data-align=\"center\">Triatl\u00f3n D<\/td><td class=\"has-text-align-center\" data-align=\"center\">Infantil<\/td><td class=\"has-text-align-center\" data-align=\"center\">Femenino<\/td><td>Cristina Garc\u00eda<\/td><td class=\"has-text-align-center\" data-align=\"center\">1060<\/td><td>08\/05\/2021<\/td><td>Campeonato de Andaluc\u00eda (AL)<\/td><\/tr><\/tbody><\/table><\/figure>\n\n\n\n<hr class=\"wp-block-separator\"\/>\n\n\n\n<p>(CATEGORIAS) <em>Benjamin (SUB10) Alevin (SUB2) Infantil (SUB14<\/em>) Cadete (SUB16)<\/p>\n\n\n\n<p><em>(PESO) SUB10 (2 Kg) | SUB12 (2 Kg) | SUB14 (3 Kg)<\/em> | SUB16 (4 Kg)<\/p>\n\n\n\n<p><em>(DISCO) SUB12 (600 gr)<\/em> | <em>SUB14 (800 gr)<\/em><\/p>\n\n\n\n<p><em>(JABALINA) SUB16 (600 gr)<\/em><\/p>\n\n\n\n<p><\/p>\n\n\n\n<div class=\"wp-block-buttons is-content-justification-center\">\n<div class=\"wp-block-button\"><a class=\"wp-block-button__link\" href=\"https:\/\/experimenta-sevilla.es\/clubatletismo\/marcas-personales\/\">pruebas<\/a><\/div>\n<\/div>\n\n\n\n<p><\/p>\n","protected":false},"excerpt":{"rendered":"<p>Nuestros atletas, como siempre, se lo han currado !! Crees que puedes superarlo? Seguro que si, animo y a entrenar!! Las marcas que se han tenido en cuenta son de participaciones de nuestros atletas en competiciones oficiales en pista. Pruebas de Velocidad Prueba Categor\u00eda Nombre Marca Fecha Competici\u00f3n 60 ml Benjam\u00edn Femenino Carolina Mart\u00edn 9.95 24\/10\/2020 JJDDMM (Final) 60 ml Benjam\u00edn Masculino Lucas Bocanegra 10.29 17\/03\/2018 JJDDMM (final) 60 ml Alev\u00edn Femenino Sara Alonso 9.74 24\/10\/2020 JJDDMM (final) 60 ml Alev\u00edn Masculino Guillermo del Toro Rojo 9.35 24\/10\/2020 JJDDMM (Final) 80 ml Infantil Femenino Sara Alonso 11.69 22\/05\/2021 JJDDMM (Final) 80 ml Infantil Masculino Antonio Fuentes 11.71 24\/04\/2021 JJDDMM (2\u00aa Jornada) 150 ml Infantil Femenino Paula Sierra 23.61 24\/04\/2021 JJDDMM (2\u00aa Jornada) 150 ml Infantil Masculino Antonio Fuentes 21.04 22\/05\/2021 JJDDMM (Final) Pruebas de Medio fondo Prueba Categor\u00eda Nombre Marca Fecha Competici\u00f3n 300 ml Benjam\u00edn Femenino Carolina Mart\u00edn 54.02 24\/10\/2020 JJDDMM (Final) 300 ml Benjam\u00edn Masculino Lucas Bocanegra 56.33 03\/02\/2018 JJDDMM (1\u00aa Jornada) 500 ml Alev\u00edn Femenino Carla Casta\u00f1o 1&#8217;40.08 16\/03\/2019 JJDDMM (1\u00aa Jornada) 500 ml Alev\u00edn Masculino Pablo Serrano 1&#8217;38.69 10\/04\/2021 JJDDMM (1\u00aa Jornada) 500 ml Infantil Femenino Marta Garc\u00eda 1&#8217;55.18 16\/03\/2018 JJDDMM (1\u00aa Jornada) 500 ml Infantil Masculino Guillermo del Toro 1&#8217;32.43 10\/04\/2021 JJDDMM (1\u00aa Jornada) 1000 ml Infantil Femenino Sara Alonso 3&#8217;29.56 10\/04\/2021 JJDDMM (1\u00aa Jornada) 1000 ml Infantil Masculino Jaime Garc\u00eda 3&#8217;37.92 10\/04\/2021 JJDDMM (1\u00aa Jornada) Pruebas de Saltos Prueba Categor\u00eda Nombre Marca Fecha Competici\u00f3n Longitud Benjam\u00edn Femenino Amaya Jaradat 2.03 03\/02\/2018 JJDDMM (1\u00aa Jornada) Longitud Benjam\u00edn Masculino Adrian Pons 2.49 03\/02\/2018 JJDDMM (1\u00aa Jornada) Longitud Alev\u00edn Femenino Sandra Sanz 3.20 30\/03\/2019 JJDDMM (2\u00aa Jornada) Longitud Alev\u00edn Masculino Daniel Ram\u00edrez 3.41 03\/10\/2020 JJDDMM (2\u00aa Jornada) Longitud Infantil Femenino Sandra Sanz 3.00 08\/02\/2020 JJDDMM (1\u00aa Jornada) Longitud Infantil Masculino Mart\u00edn Jim\u00e9nez 3.74 10\/04\/2021 JJDDMM (1\u00aa Jornada) Pruebas de Lanzamientos Prueba Categor\u00eda Nombre Marca Fecha Competici\u00f3n Peso Benjam\u00edn Masculino Rub\u00e9n Delgado 3.38 04\/05\/2019 I Reuni\u00f3n Atl\u00e9tica \u00abCaura\u00bb Peso Alev\u00edn Femenino J\u00falia Amado 8.53 01\/06\/2019 Campeonato de Andaluc\u00eda Peso Alev\u00edn Masculino Fabio Salvia 9.23 18\/05\/2019 Atletismo Diputaci\u00f3n (final) Peso Infantil Femenino J\u00falia Amado 9.00 22\/05\/2021 JJDDMM (Final) Peso Infantil Masculino Rufino Gonz\u00e1lez 6.34 16\/3\/2019 JJDDMM (1\u00aa Jornada) Peso Cadete Masculino Gonzalo Delgado 10.55 18\/05\/2019 Atletismo Diputaci\u00f3n (final) Disco Alev\u00edn Femenino J\u00falia Amado 19.36 01\/06\/2019 Campeonato de Andaluc\u00eda (AL) Disco Infantil Femenino J\u00falia Amado 24.52 08\/05\/2021 Campeonato de Andaluc\u00eda (AL) Jabalina Cadete Masculino Gonzalo Delgado 25.61 04\/05\/2019 I Reuni\u00f3n Atl\u00e9tica \u00abCaura\u00bb Pruebas Combinadas Prueba Categor\u00eda Nombre Puntos Fecha Competici\u00f3n Triatl\u00f3n D Alev\u00edn Femenino Julia Amado 974 01\/06\/2019 Campeonato de Andaluc\u00eda (AL) Triatl\u00f3n D Infantil Femenino Cristina Garc\u00eda 1060 08\/05\/2021 Campeonato de Andaluc\u00eda (AL) (CATEGORIAS) Benjamin (SUB10) Alevin (SUB2) Infantil (SUB14) Cadete (SUB16) (PESO) SUB10 (2 Kg) | SUB12 (2 Kg) | SUB14 (3 Kg) | SUB16 (4 Kg) (DISCO) SUB12 (600 gr) | SUB14 (800 gr) (JABALINA) SUB16 (600 gr)<\/p>\n","protected":false},"author":1,"featured_media":0,"parent":0,"menu_order":0,"comment_status":"closed","ping_status":"closed","template":"","meta":[],"_links":{"self":[{"href":"https:\/\/experimenta-sevilla.es\/clubatletismo\/wp-json\/wp\/v2\/pages\/180"}],"collection":[{"href":"https:\/\/experimenta-sevilla.es\/clubatletismo\/wp-json\/wp\/v2\/pages"}],"about":[{"href":"https:\/\/experimenta-sevilla.es\/clubatletismo\/wp-json\/wp\/v2\/types\/page"}],"author":[{"embeddable":true,"href":"https:\/\/experimenta-sevilla.es\/clubatletismo\/wp-json\/wp\/v2\/users\/1"}],"replies":[{"embeddable":true,"href":"https:\/\/experimenta-sevilla.es\/clubatletismo\/wp-json\/wp\/v2\/comments?post=180"}],"version-history":[{"count":40,"href":"https:\/\/experimenta-sevilla.es\/clubatletismo\/wp-json\/wp\/v2\/pages\/180\/revisions"}],"predecessor-version":[{"id":1654,"href":"https:\/\/experimenta-sevilla.es\/clubatletismo\/wp-json\/wp\/v2\/pages\/180\/revisions\/1654"}],"wp:attachment":[{"href":"https:\/\/experimenta-sevilla.es\/clubatletismo\/wp-json\/wp\/v2\/media?parent=180"}],"curies":[{"name":"wp","href":"https:\/\/api.w.org\/{rel}","templated":true}]}}