{"id":1651,"date":"2024-09-05T14:44:21","date_gmt":"2024-09-05T12:44:21","guid":{"rendered":"https:\/\/experimenta-sevilla.es\/clubatletismo\/?page_id=1651"},"modified":"2024-09-13T01:39:49","modified_gmt":"2024-09-12T23:39:49","slug":"marcas-personales","status":"publish","type":"page","link":"https:\/\/experimenta-sevilla.es\/clubatletismo\/marcas-personales\/","title":{"rendered":"Marcas Personales"},"content":{"rendered":"\n<p>Aqu\u00ed podr\u00e1s consultar todas las marcas realizadas por nuestros atletas durante las competiciones de pista.<\/p>\n\n\n\n<hr class=\"wp-block-separator\"\/>\n\n\n\n<p><\/p>\n\n\n\n<!-- Men\u00fa desplegable para la Prueba -->\n<label for=\"filtro_pruebaA\">Prueba: <\/label>\n<select id=\"filtro_prueba\">\n    <option value=\"\">Mostrar Todo<\/option>\n    <option value=\"100 ml\">100 ml<\/option>\n    <option value=\"100 mv\">100 mv<\/option>\n    <option value=\"1000 ml\">1000 ml<\/option>\n    <option value=\"150 ml\">150 ml<\/option>\n    <opt1ion value=\"200 ml\">200 ml<\/option>\n    <option value=\"300 ml\">300 ml<\/option>\n    <opt1ion value=\"300 mv\">300 mv<\/option>\n    <option value=\"3000 ml\">3000 ml<\/option>\n    <option value=\"400 ml\">400 ml<\/option>\n    <option value=\"4x100 ml\">4&#215;100 ml<\/option>\n    <option value=\"4x300 ml\">4&#215;300 ml<\/option>\n    <option value=\"50 ml\">50 ml<\/option>\n    <option value=\"500 ml\">500 ml<\/option>\n    <option value=\"60 ml\">60 ml<\/option>\n    <option value=\"60 mv\">60 mv<\/option>\n    <option value=\"600 ml\">600 ml<\/option>\n    <option value=\"80 ml\">80 ml<\/option>\n    <option value=\"80 mv\">80 mv<\/option>\n    <option value=\"Altura\">Altura<\/option>\n    <option value=\"Disco\">Disco<\/option>\n    <option value=\"Jabalina\">Jabalina<\/option>\n    <option value=\"Longitud\">Longitud<\/option>\n    <option value=\"Pertiga\">Pertiga<\/option>\n    <option value=\"Peso\">Peso<\/option>\n<\/select>\n<br>\n<!-- Men\u00fa desplegable para el Genero -->\n<label for=\"filtro_genero\">G\u00e9nero: <\/label>\n<select id=\"filtro_genero\">\n    <option value=\"\">Mostrar Todo<\/option>\n    <option value=\"FEMENINO\">Femenino<\/option>\n    <option value=\"MASCULINO\">Masculino<\/option>\n<\/select>\n<br>\n<!-- Men\u00fa desplegable para el Categoria -->\n<label for=\"filtro_categoria\">Categor\u00eda: <\/label>\n<select id=\"filtro_categoria\">\n    <option value=\"\">Mostrar Todo<\/option>\n    <option value=\"SUB8\">SUB8 (Prebenjam\u00edn)<\/option>\n    <option value=\"SUB10\">SUB10 (Benjam\u00edn)<\/option>\n    <option value=\"SUB12\">SUB12 (Alev\u00edn)<\/option>\n    <option value=\"SUB14\">SUB14 (Infantil)<\/option>\n    <option value=\"SUB16\">SUB16 (Cadete)<\/option>\n    <option value=\"SUB18\">SUB18<\/option>\n    <option value=\"\">ABSOLUTO<\/option>\n<\/select>\n<br>\n<br>\n\n<table id=\"tablaDatos\" class=\"display\">\n    <thead>\n        <tr>\n            <th width=\"50\">Nombre<\/th>\n            <th>Categor\u00eda<\/th>\n            <th>Genero<\/th>\n            <th>Prueba<\/th>\n            <th>Marca<\/th>\n            <th>Fecha<\/th>\n            <th>Competici\u00f3n<\/th>\n        <\/tr>\n    <\/thead>\n    <tbody id=\"cuerpoTabla\">\n        <!-- Los datos se cargar\u00e1n aqu\u00ed -->\n    <\/tbody>\n<\/table>\n\n<script src=\"https:\/\/cdnjs.cloudflare.com\/ajax\/libs\/jquery\/3.6.0\/jquery.min.js\"><\/script>\n<script src=\"https:\/\/cdn.datatables.net\/1.11.3\/js\/jquery.dataTables.min.js\"><\/script>\n<link rel=\"stylesheet\" href=\"https:\/\/cdn.datatables.net\/1.11.3\/css\/jquery.dataTables.min.css\">\n\n<script>\n\/\/ URL del CSV publicado de Google Sheets\nconst url = 'https:\/\/docs.google.com\/spreadsheets\/d\/e\/2PACX-1vTsiEUhl2uvOoMkLfIhJmifnGB5l42RrBJcbX0ogbxeJfkoYKhvofgrH5Z7gse_qkAEDha05B8dB7tA\/pub?gid=532374646&single=true&output=csv';\n\n$(document).ready(function() {\n    \/\/ Inicializar la tabla DataTable\n    var table = $('#tablaDatos').DataTable();\n\n    \/\/ Obtener los datos del CSV\n    $.get(url, function(data) {\n        let rows = data.split(\"\\n\");  \/\/ Dividir el CSV en filas\n        rows.shift();  \/\/ Eliminar la primera fila si contiene encabezados\n\n        rows.forEach(function(row) {\n            let cols = row.split(\",\");  \/\/ Dividir cada fila en columnas\n            \n            \/\/ Agregar los datos a la tabla\n            table.row.add([cols[0], cols[1], cols[2], cols[3], cols[4], cols[5], cols[6]]).draw();\n        });\n    });\n\n    \/\/ Filtro personalizado\n    $('#filtro_prueba').on('change', function() {\n        table.column(3).search('^' + this.value + '$', true, false).draw();  \/\/ Filtrar por prueba\n    });\n\n    $('#filtro_genero').on('change', function() {\n        table.column(2).search('^' + this.value + '$', true, false).draw();  \/\/ Filtrar por genero\n    });\n\n    $('#filtro_categoria').on('change', function() {\n        table.column(1).search('^' + this.value + '$', true, false).draw();  \/\/ Filtrar por categoria\n    });\n\n});\n<\/script>\n","protected":false},"excerpt":{"rendered":"<p>Aqu\u00ed podr\u00e1s consultar todas las marcas realizadas por nuestros atletas durante las competiciones de pista. Prueba: Mostrar Todo100 ml100 mv1000 ml150 ml200 ml300 ml300 mv3000 ml400 ml4&#215;100 ml4&#215;300 ml50 ml500 ml60 ml60 mv600 ml80 ml80 mvAlturaDiscoJabalinaLongitudPertigaPeso G\u00e9nero: Mostrar TodoFemeninoMasculino Categor\u00eda: Mostrar TodoSUB8 (Prebenjam\u00edn)SUB10 (Benjam\u00edn)SUB12 (Alev\u00edn)SUB14 (Infantil)SUB16 (Cadete)SUB18ABSOLUTO Nombre Categor\u00eda Genero Prueba Marca Fecha Competici\u00f3n<\/p>\n","protected":false},"author":1,"featured_media":0,"parent":0,"menu_order":0,"comment_status":"closed","ping_status":"closed","template":"","meta":[],"_links":{"self":[{"href":"https:\/\/experimenta-sevilla.es\/clubatletismo\/wp-json\/wp\/v2\/pages\/1651"}],"collection":[{"href":"https:\/\/experimenta-sevilla.es\/clubatletismo\/wp-json\/wp\/v2\/pages"}],"about":[{"href":"https:\/\/experimenta-sevilla.es\/clubatletismo\/wp-json\/wp\/v2\/types\/page"}],"author":[{"embeddable":true,"href":"https:\/\/experimenta-sevilla.es\/clubatletismo\/wp-json\/wp\/v2\/users\/1"}],"replies":[{"embeddable":true,"href":"https:\/\/experimenta-sevilla.es\/clubatletismo\/wp-json\/wp\/v2\/comments?post=1651"}],"version-history":[{"count":20,"href":"https:\/\/experimenta-sevilla.es\/clubatletismo\/wp-json\/wp\/v2\/pages\/1651\/revisions"}],"predecessor-version":[{"id":1681,"href":"https:\/\/experimenta-sevilla.es\/clubatletismo\/wp-json\/wp\/v2\/pages\/1651\/revisions\/1681"}],"wp:attachment":[{"href":"https:\/\/experimenta-sevilla.es\/clubatletismo\/wp-json\/wp\/v2\/media?parent=1651"}],"curies":[{"name":"wp","href":"https:\/\/api.w.org\/{rel}","templated":true}]}}