{"id":1486,"date":"2025-10-22T13:08:17","date_gmt":"2025-10-22T11:08:17","guid":{"rendered":"https:\/\/experimenta-sevilla.es\/clubatletismo\/?page_id=1486"},"modified":"2025-10-22T13:08:17","modified_gmt":"2025-10-22T11:08:17","slug":"actividades","status":"publish","type":"page","link":"https:\/\/experimenta-sevilla.es\/clubatletismo\/actividades\/","title":{"rendered":"Actividades"},"content":{"rendered":"\n<p>Las actividades de nuestro club est\u00e1n dise\u00f1adas para complementar la formaci\u00f3n deportiva de nuestros atletas, fomentando el aprendizaje y la diversi\u00f3n en un entorno diferente al habitual.<\/p>\n\n\n\n<div class=\"wp-block-buttons is-content-justification-center\">\n<div class=\"wp-block-button has-custom-width wp-block-button__width-50\"><a class=\"wp-block-button__link has-white-color has-text-color has-background\" href=\"https:\/\/experimenta-sevilla.es\/clubatletismo\/calendario\" style=\"border-radius:17px;background-color:#545454\" target=\"_blank\" rel=\"noreferrer noopener\">Calendario de actividades y competiciones<\/a><\/div>\n<\/div>\n\n\n\n<div class=\"wp-block-buttons is-content-justification-center\">\n<div class=\"wp-block-button has-custom-width wp-block-button__width-50\"><a class=\"wp-block-button__link\" href=\"https:\/\/docs.google.com\/forms\/d\/e\/1FAIpQLSd_EJi5eR05o2tGxe4UK3vSNdh121QG_QEI4eUepEdIq7bPUQ\/viewform?usp=sf_link\" style=\"border-radius:17px\" target=\"_blank\" rel=\"noreferrer noopener\">Inscripciones<\/a><\/div>\n<\/div>\n\n\n\n<p>No es necesario ning\u00fan tipo de inscripci\u00f3n para realizar las actividades (<em>salvo para la Carrera San Silvestre<\/em>), solo asistir en el horario de entrenamiento correspondiente. Tener en cuenta que la participaci\u00f3n siempre ser\u00e1 voluntaria y gratuita para nuestros atletas.<\/p>\n\n\n\n<hr class=\"wp-block-separator is-style-default\"\/>\n\n\n\n<h4>Pr\u00f3ximas actividades a realizar<\/h4>\n\n\n\n<blockquote class=\"wp-block-quote\"><p><strong>Erasmus Days<\/strong> <\/p><cite>Durante el mes de <strong>Octubre<\/strong> en los distintos centros de entrenamiento, durante el horario de la actividad.<br>Es una celebraci\u00f3n anual que se lleva a cabo en toda Europa para destacar las experiencias de intercambio y colaboraci\u00f3n promovidas por el programa Erasmus+, en la que nuestros atletas competir\u00e1n en 3 pruebas (velocidad, salto y lanzamiento) para medirnos de nuevo al equipo de atletismo Checo <strong>\u0160koln\u00ed sportovn\u00ed klub V\u00fdslun\u00ed Uhersk\u00fd Brod<\/strong><br><br>+info en (<a href=\"https:\/\/experimenta-sevilla.es\/clubatletismo\/2025\/10\/22\/erasmusdays\/\">enlace<\/a>)<\/cite><\/blockquote>\n\n\n\n<blockquote class=\"wp-block-quote\"><p><strong>Gymkana de Halloween<\/strong><\/p><cite><strong>\u00daltima semana de Octubre<\/strong> en los distintos centros de entrenamiento, durante el horario de la actividad.<br>Realizaremos una Gymkana de juegos, a quien le apetezca puede venir disfrazado.<\/cite><\/blockquote>\n\n\n\n<blockquote class=\"wp-block-quote\"><p><strong>VII San Silvestre de Club atletismo H\u00edspalis Sevilla Este<\/strong><\/p><cite>S\u00e1bado <strong>29 de noviembre de 2025<\/strong> a partir de las 10:30, en el Parque Infanta Elena (junto a zona de entrenamiento)<br>Carrera familiar para todas las categor\u00edas y conciencia.<br><br>+info en (<a href=\"https:\/\/experimenta-sevilla.es\/clubatletismo\/2024\/11\/26\/san-silvestre\/\">enlace<\/a>)<\/cite><\/blockquote>\n\n\n\n<hr class=\"wp-block-separator is-style-default\"\/>\n\n\n\n<h4>Actividades ya realizadas en esta temporada<\/h4>\n\n\n\n<p>A\u00fan estamos empezando la temporada  \ud83d\udcaa<\/p>\n\n\n\n<hr class=\"wp-block-separator is-style-default\"\/>\n\n\n\n<h4>Otras actividades que iremos ofreciendo durante la temporada<\/h4>\n\n\n\n<blockquote class=\"wp-block-quote\"><p><strong>Visita a los huertos del Parque Infanta Elena<\/strong><\/p><cite>Excursi\u00f3n a los Huertos del parque Infanta Elena durante el horario de la actividad, <br>Una de las mama de nuestros atletas nos har\u00e1 una visita y nos mostrar\u00e1 uno de los huertos.<\/cite><\/blockquote>\n\n\n\n<blockquote class=\"wp-block-quote\"><p><strong>El d\u00eda de Atletas vs Padres<\/strong><\/p><cite>Actividad especial en la que haremos una competici\u00f3n deportiva con varias pruebas donde padres e hijos competir\u00e1n entre ellos para superarlas.<\/cite><\/blockquote>\n\n\n\n<blockquote class=\"wp-block-quote\"><p><strong>Excursi\u00f3n al Parque Infanta Elena<\/strong> &#8211; <em>Gymkana en la Naturaleza<\/em><\/p><cite>Excursi\u00f3n al lago del parque Infanta Elena durante el horario de la actividad, realizaremos actividades y juegos relacionados con la naturaleza.<\/cite><\/blockquote>\n\n\n\n<blockquote class=\"wp-block-quote\"><p><strong>Carrera de Orientaci\u00f3n<\/strong><\/p><cite>Actividad emocionante que combina deporte y estrategia, donde los participantes deben recorrer un circuito al aire libre utilizando un mapa y una br\u00fajula para localizar puntos de control, desarrollando habilidades de orientaci\u00f3n, trabajo en equipo y toma de decisiones en plena naturaleza.<\/cite><\/blockquote>\n\n\n\n<blockquote class=\"wp-block-quote\"><p><strong>Fiesta del Agua<\/strong><\/p><cite>Actividad refrescante y divertida donde los participantes disfrutan de juegos acu\u00e1ticos, competiciones y din\u00e1micas al aire libre, fomentando el compa\u00f1erismo y la diversi\u00f3n en un ambiente veraniego.<\/cite><\/blockquote>\n\n\n\n<blockquote class=\"wp-block-quote\"><p><strong>Fiesta de fin de curso CA H\u00edspalis<\/strong><\/p><cite>Queremos hacer un cierre de esta estupenda temporada con todos vosotros, tanto los atletas como las familias.<br>Traeremos algunas actividades y juegos para nuestros atletas y sus amigos.<br>Y cerraremos la fiesta con la entrega de diplomas y premios.<\/cite><\/blockquote>\n","protected":false},"excerpt":{"rendered":"<p>Las actividades de nuestro club est\u00e1n dise\u00f1adas para complementar la formaci\u00f3n deportiva de nuestros atletas, fomentando el aprendizaje y la diversi\u00f3n en un entorno diferente al habitual. No es necesario ning\u00fan tipo de inscripci\u00f3n para realizar las actividades (salvo para la Carrera San Silvestre), solo asistir en el horario de entrenamiento correspondiente. Tener en cuenta que la participaci\u00f3n siempre ser\u00e1 voluntaria y gratuita para nuestros atletas. Pr\u00f3ximas actividades a realizar Erasmus Days Durante el mes de Octubre en los distintos centros de entrenamiento, durante el horario de la actividad.Es una celebraci\u00f3n anual que se lleva a cabo en toda Europa para destacar las experiencias de intercambio y colaboraci\u00f3n promovidas por el programa Erasmus+, en la que nuestros atletas competir\u00e1n en 3 pruebas (velocidad, salto y lanzamiento) para medirnos de nuevo al equipo de atletismo Checo \u0160koln\u00ed sportovn\u00ed klub V\u00fdslun\u00ed Uhersk\u00fd Brod +info en (enlace) Gymkana de Halloween \u00daltima semana de Octubre en los distintos centros de entrenamiento, durante el horario de la actividad.Realizaremos una Gymkana de juegos, a quien le apetezca puede venir disfrazado. VII San Silvestre de Club atletismo H\u00edspalis Sevilla Este S\u00e1bado 29 de noviembre de 2025 a partir de las 10:30, en el Parque Infanta Elena (junto a zona de entrenamiento)Carrera familiar para todas las categor\u00edas y conciencia. +info en (enlace) Actividades ya realizadas en esta temporada A\u00fan estamos empezando la temporada \ud83d\udcaa Otras actividades que iremos ofreciendo durante la temporada Visita a los huertos del Parque Infanta Elena Excursi\u00f3n a los Huertos del parque Infanta Elena durante el horario de la actividad, Una de las mama de nuestros atletas nos har\u00e1 una visita y nos mostrar\u00e1 uno de los huertos. El d\u00eda de Atletas vs Padres Actividad especial en la que haremos una competici\u00f3n deportiva con varias pruebas donde padres e hijos competir\u00e1n entre ellos para superarlas. Excursi\u00f3n al Parque Infanta Elena &#8211; Gymkana en la Naturaleza Excursi\u00f3n al lago del parque Infanta Elena durante el horario de la actividad, realizaremos actividades y juegos relacionados con la naturaleza. Carrera de Orientaci\u00f3n Actividad emocionante que combina deporte y estrategia, donde los participantes deben recorrer un circuito al aire libre utilizando un mapa y una br\u00fajula para localizar puntos de control, desarrollando habilidades de orientaci\u00f3n, trabajo en equipo y toma de decisiones en plena naturaleza. Fiesta del Agua Actividad refrescante y divertida donde los participantes disfrutan de juegos acu\u00e1ticos, competiciones y din\u00e1micas al aire libre, fomentando el compa\u00f1erismo y la diversi\u00f3n en un ambiente veraniego. Fiesta de fin de curso CA H\u00edspalis Queremos hacer un cierre de esta estupenda temporada con todos vosotros, tanto los atletas como las familias.Traeremos algunas actividades y juegos para nuestros atletas y sus amigos.Y cerraremos la fiesta con la entrega de diplomas y premios.<\/p>\n","protected":false},"author":1,"featured_media":0,"parent":0,"menu_order":0,"comment_status":"closed","ping_status":"closed","template":"","meta":[],"_links":{"self":[{"href":"https:\/\/experimenta-sevilla.es\/clubatletismo\/wp-json\/wp\/v2\/pages\/1486"}],"collection":[{"href":"https:\/\/experimenta-sevilla.es\/clubatletismo\/wp-json\/wp\/v2\/pages"}],"about":[{"href":"https:\/\/experimenta-sevilla.es\/clubatletismo\/wp-json\/wp\/v2\/types\/page"}],"author":[{"embeddable":true,"href":"https:\/\/experimenta-sevilla.es\/clubatletismo\/wp-json\/wp\/v2\/users\/1"}],"replies":[{"embeddable":true,"href":"https:\/\/experimenta-sevilla.es\/clubatletismo\/wp-json\/wp\/v2\/comments?post=1486"}],"version-history":[{"count":14,"href":"https:\/\/experimenta-sevilla.es\/clubatletismo\/wp-json\/wp\/v2\/pages\/1486\/revisions"}],"predecessor-version":[{"id":1921,"href":"https:\/\/experimenta-sevilla.es\/clubatletismo\/wp-json\/wp\/v2\/pages\/1486\/revisions\/1921"}],"wp:attachment":[{"href":"https:\/\/experimenta-sevilla.es\/clubatletismo\/wp-json\/wp\/v2\/media?parent=1486"}],"curies":[{"name":"wp","href":"https:\/\/api.w.org\/{rel}","templated":true}]}}